{"id":21717,"date":"2019-07-11T18:12:16","date_gmt":"2019-07-11T16:12:16","guid":{"rendered":"https:\/\/imarsrl.com\/the-tube\/"},"modified":"2019-07-11T18:12:16","modified_gmt":"2019-07-11T16:12:16","slug":"the-tube","status":"publish","type":"page","link":"https:\/\/imarsrl.com\/de\/fesr-marche-por-2014-2020\/the-tube\/","title":{"rendered":"The tube"},"content":{"rendered":"<div>Im Bereich der Programmierung der EU-Fonds &#8220;PROGRAMMA OPERATIVO REGIONALE (POR) MARCHE FESR 2014\/2020&#8221;:<br \/>\nACHSE 3 &#8211; MASSNAHME 7.1<br \/>\n&#8220;UNTERST\u00dcTZUNG F\u00dcR GR\u00dcNDUNG, ENTWICKLUNG UND UNTERNEHMENSF\u00dcHRUNG IN PRODUKTIONSKRISENGEBIETEN&#8221; &#8211; Aufruf zur Einreichung von Vorschl\u00e4gen 2016&#8243;.<\/div>\n<div class=\"txtAllSinistra\">IMAR SRL wurde f\u00fcr das Projekt ausgew\u00e4hlt:<br \/>\nTHE TUBE<br \/>\nDas strategische Ziel, das mit der Umsetzung des Projekts &#8220;THE TUBE&#8221; erreicht wurde, bestand darin, dem Unternehmen eine Erweiterung seiner Produktionskapazit\u00e4ten zu erm\u00f6glichen, und zwar durch eine Reihe von Ma\u00dfnahmen, von denen die wichtigste die Anschaffung eines Laserr\u00f6hrensystems und die damit verbundene Verst\u00e4rkung des Personals des Unternehmens war.<br \/>\nDie neue Ausstattung (sowohl technisch, organisatorisch als auch personell) hat es dem Unternehmen erm\u00f6glicht, sich in 4 Richtungen zu bewegen:<br \/>\n&#8211; Steigerung der produzierten Mengen;<br \/>\n&#8211; Steigerung der Produktivit\u00e4t;<br \/>\n&#8211; Erweiterung der Palette der angebotenen Produkte\/Dienstleistungen<br \/>\n&#8211; damit einhergehende Umsatzsteigerung und Festigung der Kundenbeziehungen.<br \/>\nDie Investition bestand aus:<\/p>\n<h3>Sachanlagen<\/h3>\n<p>Neues Diodenlaser-Schneidsystem mit einer Technologie, die h\u00f6here Schneidkapazit\u00e4ten mit weniger Watt Leistung erm\u00f6glicht als Lichtstrahlen, die mit CO2-Technologie erzeugt werden.<br \/>\nAuch in der Kategorie der Sachanlagen wurde eine wesentliche Aufr\u00fcstung der Anlagentechnik und der Netzwerkverbindungen f\u00fcr die Kommunikation zwischen dem technischen B\u00fcro und den Bearbeitungszentren des Unternehmens geplant, wobei die Richtung, in die sich der Nationale Plan f\u00fcr Industrie 4.0 bewegte, bereits vorhergesehen wurde.<\/p>\n<h3>Computerprogramme<\/h3>\n<p>Mit dem Ziel, die Produktions- und IT-Systeme miteinander zu verbinden, wurden die bestehenden CAD-Systeme aufger\u00fcstet, und zwar sowohl durch den Erwerb neuer Lizenzen als auch durch spezifische Konstruktions- und Beratungsarbeiten.<\/p>\n<h3>Innovative Organisation<\/h3>\n<p>Mit dem Ziel, die Produktions- und IT-Systeme miteinander zu verbinden, wurden die bestehenden CAD-Systeme aufger\u00fcstet, und zwar sowohl durch den Erwerb neuer Lizenzen als auch durch spezifische Konstruktions- und Beratungsarbeiten.<\/p>\n<h3>Wachstum der Besch\u00e4ftigung<\/h3>\n<p>Auch die Auswirkungen des Projekts auf die Besch\u00e4ftigung waren f\u00fcr ein Unternehmen wie Imar betr\u00e4chtlich: W\u00e4hrend des Projektzeitraums wurden 6 Personen dauerhaft eingestellt (davon 2 aus Mobilit\u00e4tslisten), zus\u00e4tzlich zu weiteren befristeten Einstellungen, die derzeit stabilisiert werden.<\/p>\n<\/div>\n","protected":false},"excerpt":{"rendered":"<p>Im Bereich der Programmierung der EU-Fonds &#8220;PROGRAMMA OPERATIVO REGIONALE (POR) MARCHE FESR 2014\/2020&#8221;: ACHSE 3 &#8211; MASSNAHME 7.1 &#8220;UNTERST\u00dcTZUNG F\u00dcR GR\u00dcNDUNG, ENTWICKLUNG UND UNTERNEHMENSF\u00dcHRUNG IN PRODUKTIONSKRISENGEBIETEN&#8221; &#8211; Aufruf zur Einreichung von Vorschl\u00e4gen 2016&#8243;. IMAR SRL wurde f\u00fcr das Projekt ausgew\u00e4hlt: THE TUBE Das strategische Ziel, das mit der Umsetzung des Projekts &#8220;THE TUBE&#8221; erreicht wurde, [&hellip;]<\/p>\n","protected":false},"author":1,"featured_media":0,"parent":21742,"menu_order":0,"comment_status":"closed","ping_status":"closed","template":"page-contatti.php","meta":{"_acf_changed":false,"footnotes":""},"class_list":["post-21717","page","type-page","status-publish","hentry"],"acf":[],"_links":{"self":[{"href":"https:\/\/imarsrl.com\/de\/wp-json\/wp\/v2\/pages\/21717","targetHints":{"allow":["GET"]}}],"collection":[{"href":"https:\/\/imarsrl.com\/de\/wp-json\/wp\/v2\/pages"}],"about":[{"href":"https:\/\/imarsrl.com\/de\/wp-json\/wp\/v2\/types\/page"}],"author":[{"embeddable":true,"href":"https:\/\/imarsrl.com\/de\/wp-json\/wp\/v2\/users\/1"}],"replies":[{"embeddable":true,"href":"https:\/\/imarsrl.com\/de\/wp-json\/wp\/v2\/comments?post=21717"}],"version-history":[{"count":0,"href":"https:\/\/imarsrl.com\/de\/wp-json\/wp\/v2\/pages\/21717\/revisions"}],"up":[{"embeddable":true,"href":"https:\/\/imarsrl.com\/de\/wp-json\/wp\/v2\/pages\/21742"}],"wp:attachment":[{"href":"https:\/\/imarsrl.com\/de\/wp-json\/wp\/v2\/media?parent=21717"}],"curies":[{"name":"wp","href":"https:\/\/api.w.org\/{rel}","templated":true}]}}