{"id":21694,"date":"2017-07-10T11:17:16","date_gmt":"2017-07-10T09:17:16","guid":{"rendered":"https:\/\/imarsrl.com\/stanzen\/"},"modified":"2024-02-26T10:25:09","modified_gmt":"2024-02-26T09:25:09","slug":"stanzen","status":"publish","type":"page","link":"https:\/\/imarsrl.com\/de\/dienstleistungen\/stanzen\/","title":{"rendered":"Stanzen"},"content":{"rendered":"<p>Doppeltwirkende hydraulische Pressen mit einer Kapazit\u00e4t von bis zu 700 Tonnen; Arbeitstisch f\u00fcr die Kaltumformung mit eigenen oder kundenspezifischen Werkzeugen. Dar\u00fcber hinaus bieten wir eine breite Palette von mechanischen Pressen mit Eigenantrieb f\u00fcr die Herstellung von Leichtmetallteilen.<br \/>\n<!--more--><\/p>\n","protected":false},"excerpt":{"rendered":"<p>Doppeltwirkende hydraulische Pressen mit einer Kapazit\u00e4t von bis zu 700 Tonnen; Arbeitstisch f\u00fcr die Kaltumformung mit eigenen oder kundenspezifischen Werkzeugen. Dar\u00fcber hinaus bieten wir eine breite Palette von mechanischen Pressen mit Eigenantrieb f\u00fcr die Herstellung von Leichtmetallteilen.<\/p>\n","protected":false},"author":1,"featured_media":21791,"parent":21676,"menu_order":0,"comment_status":"closed","ping_status":"closed","template":"","meta":{"_acf_changed":false,"footnotes":""},"class_list":["post-21694","page","type-page","status-publish","has-post-thumbnail","hentry"],"acf":[],"_links":{"self":[{"href":"https:\/\/imarsrl.com\/de\/wp-json\/wp\/v2\/pages\/21694","targetHints":{"allow":["GET"]}}],"collection":[{"href":"https:\/\/imarsrl.com\/de\/wp-json\/wp\/v2\/pages"}],"about":[{"href":"https:\/\/imarsrl.com\/de\/wp-json\/wp\/v2\/types\/page"}],"author":[{"embeddable":true,"href":"https:\/\/imarsrl.com\/de\/wp-json\/wp\/v2\/users\/1"}],"replies":[{"embeddable":true,"href":"https:\/\/imarsrl.com\/de\/wp-json\/wp\/v2\/comments?post=21694"}],"version-history":[{"count":3,"href":"https:\/\/imarsrl.com\/de\/wp-json\/wp\/v2\/pages\/21694\/revisions"}],"predecessor-version":[{"id":24545,"href":"https:\/\/imarsrl.com\/de\/wp-json\/wp\/v2\/pages\/21694\/revisions\/24545"}],"up":[{"embeddable":true,"href":"https:\/\/imarsrl.com\/de\/wp-json\/wp\/v2\/pages\/21676"}],"wp:featuredmedia":[{"embeddable":true,"href":"https:\/\/imarsrl.com\/de\/wp-json\/wp\/v2\/media\/21791"}],"wp:attachment":[{"href":"https:\/\/imarsrl.com\/de\/wp-json\/wp\/v2\/media?parent=21694"}],"curies":[{"name":"wp","href":"https:\/\/api.w.org\/{rel}","templated":true}]}}