{"id":21691,"date":"2017-07-10T11:17:07","date_gmt":"2017-07-10T09:17:07","guid":{"rendered":"https:\/\/imarsrl.com\/schweisen\/"},"modified":"2024-02-26T10:20:36","modified_gmt":"2024-02-26T09:20:36","slug":"schweisen","status":"publish","type":"page","link":"https:\/\/imarsrl.com\/de\/dienstleistungen\/schweisen\/","title":{"rendered":"Schwei\u00dfen"},"content":{"rendered":"<p>6 manuelle Inseln plus 2 Roboterinseln f\u00fcr MIG- und TIG-Montagen. Maximale Flexibilit\u00e4t bei der Ausf\u00fchrung, von kundenspezifischen Lieferungen bis hin zu Gro\u00dfserien.<br \/>\n<!--more--><\/p>\n","protected":false},"excerpt":{"rendered":"<p>6 manuelle Inseln plus 2 Roboterinseln f\u00fcr MIG- und TIG-Montagen. Maximale Flexibilit\u00e4t bei der Ausf\u00fchrung, von kundenspezifischen Lieferungen bis hin zu Gro\u00dfserien.<\/p>\n","protected":false},"author":1,"featured_media":21805,"parent":21676,"menu_order":0,"comment_status":"closed","ping_status":"closed","template":"","meta":{"_acf_changed":false,"footnotes":""},"class_list":["post-21691","page","type-page","status-publish","has-post-thumbnail","hentry"],"acf":[],"_links":{"self":[{"href":"https:\/\/imarsrl.com\/de\/wp-json\/wp\/v2\/pages\/21691","targetHints":{"allow":["GET"]}}],"collection":[{"href":"https:\/\/imarsrl.com\/de\/wp-json\/wp\/v2\/pages"}],"about":[{"href":"https:\/\/imarsrl.com\/de\/wp-json\/wp\/v2\/types\/page"}],"author":[{"embeddable":true,"href":"https:\/\/imarsrl.com\/de\/wp-json\/wp\/v2\/users\/1"}],"replies":[{"embeddable":true,"href":"https:\/\/imarsrl.com\/de\/wp-json\/wp\/v2\/comments?post=21691"}],"version-history":[{"count":4,"href":"https:\/\/imarsrl.com\/de\/wp-json\/wp\/v2\/pages\/21691\/revisions"}],"predecessor-version":[{"id":24427,"href":"https:\/\/imarsrl.com\/de\/wp-json\/wp\/v2\/pages\/21691\/revisions\/24427"}],"up":[{"embeddable":true,"href":"https:\/\/imarsrl.com\/de\/wp-json\/wp\/v2\/pages\/21676"}],"wp:featuredmedia":[{"embeddable":true,"href":"https:\/\/imarsrl.com\/de\/wp-json\/wp\/v2\/media\/21805"}],"wp:attachment":[{"href":"https:\/\/imarsrl.com\/de\/wp-json\/wp\/v2\/media?parent=21691"}],"curies":[{"name":"wp","href":"https:\/\/api.w.org\/{rel}","templated":true}]}}