{"id":21688,"date":"2017-07-10T11:16:56","date_gmt":"2017-07-10T09:16:56","guid":{"rendered":"https:\/\/imarsrl.com\/faltung\/"},"modified":"2024-02-26T10:52:14","modified_gmt":"2024-02-26T09:52:14","slug":"faltung","status":"publish","type":"page","link":"https:\/\/imarsrl.com\/de\/dienstleistungen\/faltung\/","title":{"rendered":"Faltung"},"content":{"rendered":"<p>Der Markt verlangt nach immer gr\u00f6\u00dferer Pr\u00e4zision und Imar reagiert darauf. In den letzten Jahren wurde die Biegeabteilung um eine Verkleidungsmaschine erweitert und 2018 wurde eine neue robotisierte Insel mit automatischer Werkzeug- und Biegekontrolle f\u00fcr maximale Produktivit\u00e4t und Flexibilit\u00e4t in Betrieb genommen.<br \/>\n<!--more--><\/p>\n","protected":false},"excerpt":{"rendered":"<p>Der Markt verlangt nach immer gr\u00f6\u00dferer Pr\u00e4zision und Imar reagiert darauf. In den letzten Jahren wurde die Biegeabteilung um eine Verkleidungsmaschine erweitert und 2018 wurde eine neue robotisierte Insel mit automatischer Werkzeug- und Biegekontrolle f\u00fcr maximale Produktivit\u00e4t und Flexibilit\u00e4t in Betrieb genommen.<\/p>\n","protected":false},"author":1,"featured_media":21801,"parent":21676,"menu_order":0,"comment_status":"closed","ping_status":"closed","template":"","meta":{"_acf_changed":false,"footnotes":""},"class_list":["post-21688","page","type-page","status-publish","has-post-thumbnail","hentry"],"acf":[],"_links":{"self":[{"href":"https:\/\/imarsrl.com\/de\/wp-json\/wp\/v2\/pages\/21688","targetHints":{"allow":["GET"]}}],"collection":[{"href":"https:\/\/imarsrl.com\/de\/wp-json\/wp\/v2\/pages"}],"about":[{"href":"https:\/\/imarsrl.com\/de\/wp-json\/wp\/v2\/types\/page"}],"author":[{"embeddable":true,"href":"https:\/\/imarsrl.com\/de\/wp-json\/wp\/v2\/users\/1"}],"replies":[{"embeddable":true,"href":"https:\/\/imarsrl.com\/de\/wp-json\/wp\/v2\/comments?post=21688"}],"version-history":[{"count":5,"href":"https:\/\/imarsrl.com\/de\/wp-json\/wp\/v2\/pages\/21688\/revisions"}],"predecessor-version":[{"id":25029,"href":"https:\/\/imarsrl.com\/de\/wp-json\/wp\/v2\/pages\/21688\/revisions\/25029"}],"up":[{"embeddable":true,"href":"https:\/\/imarsrl.com\/de\/wp-json\/wp\/v2\/pages\/21676"}],"wp:featuredmedia":[{"embeddable":true,"href":"https:\/\/imarsrl.com\/de\/wp-json\/wp\/v2\/media\/21801"}],"wp:attachment":[{"href":"https:\/\/imarsrl.com\/de\/wp-json\/wp\/v2\/media?parent=21688"}],"curies":[{"name":"wp","href":"https:\/\/api.w.org\/{rel}","templated":true}]}}