{"id":21685,"date":"2017-07-10T11:16:45","date_gmt":"2017-07-10T09:16:45","guid":{"rendered":"https:\/\/imarsrl.com\/laserschnitt\/"},"modified":"2024-02-26T10:33:42","modified_gmt":"2024-02-26T09:33:42","slug":"laserschnitt","status":"publish","type":"page","link":"https:\/\/imarsrl.com\/de\/dienstleistungen\/laserschnitt\/","title":{"rendered":"Laserschnitt"},"content":{"rendered":"<p>Wir haben 5 Laserschneidmaschinen: 3 f\u00fcr Metallbleche und 2 f\u00fcr Metallrohre.<br \/>\nNeben dem traditionellen CO2-Laserschneiden verf\u00fcgen wir auch \u00fcber die neueste Generation der Faserlasertechnologie, die mit automatischen Be- und Entladelagern verbunden ist.<\/p>\n<p><!--more--><\/p>\n","protected":false},"excerpt":{"rendered":"<p>Wir haben 5 Laserschneidmaschinen: 3 f\u00fcr Metallbleche und 2 f\u00fcr Metallrohre. Neben dem traditionellen CO2-Laserschneiden verf\u00fcgen wir auch \u00fcber die neueste Generation der Faserlasertechnologie, die mit automatischen Be- und Entladelagern verbunden ist.<\/p>\n","protected":false},"author":1,"featured_media":21765,"parent":21676,"menu_order":0,"comment_status":"closed","ping_status":"closed","template":"","meta":{"_acf_changed":false,"footnotes":""},"class_list":["post-21685","page","type-page","status-publish","has-post-thumbnail","hentry"],"acf":[],"_links":{"self":[{"href":"https:\/\/imarsrl.com\/de\/wp-json\/wp\/v2\/pages\/21685","targetHints":{"allow":["GET"]}}],"collection":[{"href":"https:\/\/imarsrl.com\/de\/wp-json\/wp\/v2\/pages"}],"about":[{"href":"https:\/\/imarsrl.com\/de\/wp-json\/wp\/v2\/types\/page"}],"author":[{"embeddable":true,"href":"https:\/\/imarsrl.com\/de\/wp-json\/wp\/v2\/users\/1"}],"replies":[{"embeddable":true,"href":"https:\/\/imarsrl.com\/de\/wp-json\/wp\/v2\/comments?post=21685"}],"version-history":[{"count":3,"href":"https:\/\/imarsrl.com\/de\/wp-json\/wp\/v2\/pages\/21685\/revisions"}],"predecessor-version":[{"id":24736,"href":"https:\/\/imarsrl.com\/de\/wp-json\/wp\/v2\/pages\/21685\/revisions\/24736"}],"up":[{"embeddable":true,"href":"https:\/\/imarsrl.com\/de\/wp-json\/wp\/v2\/pages\/21676"}],"wp:featuredmedia":[{"embeddable":true,"href":"https:\/\/imarsrl.com\/de\/wp-json\/wp\/v2\/media\/21765"}],"wp:attachment":[{"href":"https:\/\/imarsrl.com\/de\/wp-json\/wp\/v2\/media?parent=21685"}],"curies":[{"name":"wp","href":"https:\/\/api.w.org\/{rel}","templated":true}]}}