{"id":21682,"date":"2017-07-10T11:16:15","date_gmt":"2017-07-10T09:16:15","guid":{"rendered":"https:\/\/imarsrl.com\/montage\/"},"modified":"2024-02-27T14:50:33","modified_gmt":"2024-02-27T13:50:33","slug":"montage","status":"publish","type":"page","link":"https:\/\/imarsrl.com\/de\/dienstleistungen\/montage\/","title":{"rendered":"Montage"},"content":{"rendered":"<p>F\u00fcr weiterf\u00fchrende Projekte stellen wir unseren Kunden unser Montageteam zur Verf\u00fcgung, immer mit dem Ziel, einen umfassenden Service zu bieten.<br \/>\n<!--more--><\/p>\n","protected":false},"excerpt":{"rendered":"<p>F\u00fcr weiterf\u00fchrende Projekte stellen wir unseren Kunden unser Montageteam zur Verf\u00fcgung, immer mit dem Ziel, einen umfassenden Service zu bieten.<\/p>\n","protected":false},"author":1,"featured_media":21835,"parent":21676,"menu_order":0,"comment_status":"closed","ping_status":"closed","template":"","meta":{"_acf_changed":false,"footnotes":""},"class_list":["post-21682","page","type-page","status-publish","has-post-thumbnail","hentry"],"acf":[],"_links":{"self":[{"href":"https:\/\/imarsrl.com\/de\/wp-json\/wp\/v2\/pages\/21682","targetHints":{"allow":["GET"]}}],"collection":[{"href":"https:\/\/imarsrl.com\/de\/wp-json\/wp\/v2\/pages"}],"about":[{"href":"https:\/\/imarsrl.com\/de\/wp-json\/wp\/v2\/types\/page"}],"author":[{"embeddable":true,"href":"https:\/\/imarsrl.com\/de\/wp-json\/wp\/v2\/users\/1"}],"replies":[{"embeddable":true,"href":"https:\/\/imarsrl.com\/de\/wp-json\/wp\/v2\/comments?post=21682"}],"version-history":[{"count":6,"href":"https:\/\/imarsrl.com\/de\/wp-json\/wp\/v2\/pages\/21682\/revisions"}],"predecessor-version":[{"id":26391,"href":"https:\/\/imarsrl.com\/de\/wp-json\/wp\/v2\/pages\/21682\/revisions\/26391"}],"up":[{"embeddable":true,"href":"https:\/\/imarsrl.com\/de\/wp-json\/wp\/v2\/pages\/21676"}],"wp:featuredmedia":[{"embeddable":true,"href":"https:\/\/imarsrl.com\/de\/wp-json\/wp\/v2\/media\/21835"}],"wp:attachment":[{"href":"https:\/\/imarsrl.com\/de\/wp-json\/wp\/v2\/media?parent=21682"}],"curies":[{"name":"wp","href":"https:\/\/api.w.org\/{rel}","templated":true}]}}