{"id":21679,"date":"2017-07-10T11:10:31","date_gmt":"2017-07-10T09:10:31","guid":{"rendered":"https:\/\/imarsrl.com\/produkte\/"},"modified":"2025-04-01T11:42:21","modified_gmt":"2025-04-01T09:42:21","slug":"produkte","status":"publish","type":"page","link":"https:\/\/imarsrl.com\/de\/produkte\/","title":{"rendered":"Produkte"},"content":{"rendered":"<p>IMAR hat sich auf die Verarbeitung von Edelstahl, Eisen, Aluminium, Kupfer und Messing spezialisiert und arbeitet mit f\u00fchrenden Unternehmen in den Bereichen M\u00f6bel, Bad, \u00c4sthetik, Nautik und Contract zusammen.Das Unternehmen ist in der Lage, auf die unterschiedlichsten Kundenw\u00fcnsche einzugehen und dabei Flexibilit\u00e4t, Qualit\u00e4t und Liebe zum Detail (Merkmale einer kleinen Industrie) mit technologischer und produktionstechnischer St\u00e4rke zu verbinden.<br \/>\nVerantwortungsbewusstsein, Respekt vor dem Kunden und P\u00fcnktlichkeit bei den Lieferterminen sind die Werte, die IMAR zu einem unersetzlichen und vertrauensw\u00fcrdigen Partner machen.<\/p>\n<p>Dar\u00fcber hinaus bietet sie eine breite Palette von Produkten aus eigener Herstellung an, wie z. B. Einbauwaschbecken aus Edelstahl und Porzellan, Waschanlagen f\u00fcr Friseure, Untergestelle und Gestelle f\u00fcr Sessel und Tische, die alle auf Wunsch individuell gestaltet werden k\u00f6nnen.<\/p>\n","protected":false},"excerpt":{"rendered":"<p>IMAR hat sich auf die Verarbeitung von Edelstahl, Eisen, Aluminium, Kupfer und Messing spezialisiert und arbeitet mit f\u00fchrenden Unternehmen in den Bereichen M\u00f6bel, Bad, \u00c4sthetik, Nautik und Contract zusammen.Das Unternehmen ist in der Lage, auf die unterschiedlichsten Kundenw\u00fcnsche einzugehen und dabei Flexibilit\u00e4t, Qualit\u00e4t und Liebe zum Detail (Merkmale einer kleinen Industrie) mit technologischer und produktionstechnischer [&hellip;]<\/p>\n","protected":false},"author":1,"featured_media":53704,"parent":0,"menu_order":0,"comment_status":"closed","ping_status":"closed","template":"","meta":{"_acf_changed":false,"footnotes":""},"class_list":["post-21679","page","type-page","status-publish","has-post-thumbnail","hentry"],"acf":[],"_links":{"self":[{"href":"https:\/\/imarsrl.com\/de\/wp-json\/wp\/v2\/pages\/21679","targetHints":{"allow":["GET"]}}],"collection":[{"href":"https:\/\/imarsrl.com\/de\/wp-json\/wp\/v2\/pages"}],"about":[{"href":"https:\/\/imarsrl.com\/de\/wp-json\/wp\/v2\/types\/page"}],"author":[{"embeddable":true,"href":"https:\/\/imarsrl.com\/de\/wp-json\/wp\/v2\/users\/1"}],"replies":[{"embeddable":true,"href":"https:\/\/imarsrl.com\/de\/wp-json\/wp\/v2\/comments?post=21679"}],"version-history":[{"count":4,"href":"https:\/\/imarsrl.com\/de\/wp-json\/wp\/v2\/pages\/21679\/revisions"}],"predecessor-version":[{"id":23808,"href":"https:\/\/imarsrl.com\/de\/wp-json\/wp\/v2\/pages\/21679\/revisions\/23808"}],"wp:featuredmedia":[{"embeddable":true,"href":"https:\/\/imarsrl.com\/de\/wp-json\/wp\/v2\/media\/53704"}],"wp:attachment":[{"href":"https:\/\/imarsrl.com\/de\/wp-json\/wp\/v2\/media?parent=21679"}],"curies":[{"name":"wp","href":"https:\/\/api.w.org\/{rel}","templated":true}]}}