{"id":21670,"date":"2017-07-10T11:10:10","date_gmt":"2017-07-10T09:10:10","guid":{"rendered":"https:\/\/imarsrl.com\/nachhaltigkeit\/"},"modified":"2024-02-25T11:01:47","modified_gmt":"2024-02-25T10:01:47","slug":"nachhaltigkeit","status":"publish","type":"page","link":"https:\/\/imarsrl.com\/de\/nachhaltigkeit\/","title":{"rendered":"Nachhaltigkeit"},"content":{"rendered":"<p>Im Laufe der Jahre hat sich IMAR neben der st\u00e4ndigen Innovation und technologischen Entwicklung auf den Schutz der Umwelt konzentriert; Vollst\u00e4ndig integriert und mit einer sehr geringen Auswirkung auf das umgebende \u00d6kosystem, dank eines vorsortierten Abfallsammelsystems, verf\u00fcgt IMAR heute \u00fcber zahlreiche &#8220;umweltfreundliche&#8221; L\u00f6sungen. Es ist vollst\u00e4ndig mit LED-Technologie beleuchtet und mit einer amorphen Photovoltaikanlage ausgestattet<\/p>\n<p><!--more--><\/p>\n","protected":false},"excerpt":{"rendered":"<p>Im Laufe der Jahre hat sich IMAR neben der st\u00e4ndigen Innovation und technologischen Entwicklung auf den Schutz der Umwelt konzentriert; Vollst\u00e4ndig integriert und mit einer sehr geringen Auswirkung auf das umgebende \u00d6kosystem, dank eines vorsortierten Abfallsammelsystems, verf\u00fcgt IMAR heute \u00fcber zahlreiche &#8220;umweltfreundliche&#8221; L\u00f6sungen. Es ist vollst\u00e4ndig mit LED-Technologie beleuchtet und mit einer amorphen Photovoltaikanlage ausgestattet<\/p>\n","protected":false},"author":1,"featured_media":21881,"parent":0,"menu_order":0,"comment_status":"closed","ping_status":"closed","template":"page-sostenibilita.php","meta":{"_acf_changed":false,"footnotes":""},"class_list":["post-21670","page","type-page","status-publish","has-post-thumbnail","hentry"],"acf":[],"_links":{"self":[{"href":"https:\/\/imarsrl.com\/de\/wp-json\/wp\/v2\/pages\/21670","targetHints":{"allow":["GET"]}}],"collection":[{"href":"https:\/\/imarsrl.com\/de\/wp-json\/wp\/v2\/pages"}],"about":[{"href":"https:\/\/imarsrl.com\/de\/wp-json\/wp\/v2\/types\/page"}],"author":[{"embeddable":true,"href":"https:\/\/imarsrl.com\/de\/wp-json\/wp\/v2\/users\/1"}],"replies":[{"embeddable":true,"href":"https:\/\/imarsrl.com\/de\/wp-json\/wp\/v2\/comments?post=21670"}],"version-history":[{"count":3,"href":"https:\/\/imarsrl.com\/de\/wp-json\/wp\/v2\/pages\/21670\/revisions"}],"predecessor-version":[{"id":23218,"href":"https:\/\/imarsrl.com\/de\/wp-json\/wp\/v2\/pages\/21670\/revisions\/23218"}],"wp:featuredmedia":[{"embeddable":true,"href":"https:\/\/imarsrl.com\/de\/wp-json\/wp\/v2\/media\/21881"}],"wp:attachment":[{"href":"https:\/\/imarsrl.com\/de\/wp-json\/wp\/v2\/media?parent=21670"}],"curies":[{"name":"wp","href":"https:\/\/api.w.org\/{rel}","templated":true}]}}