{"id":21667,"date":"2017-07-10T11:09:57","date_gmt":"2017-07-10T09:09:57","guid":{"rendered":"https:\/\/imarsrl.com\/visionen-und-werte\/"},"modified":"2024-02-26T15:18:42","modified_gmt":"2024-02-26T14:18:42","slug":"visionen-und-verte","status":"publish","type":"page","link":"https:\/\/imarsrl.com\/de\/visionen-und-verte\/","title":{"rendered":"Visionen und Werte"},"content":{"rendered":"\n<h2 class=\"wp-block-heading\">VISIONEN UND WERTE<\/h2>\n\n\n\n<p><strong>Wir wollen dazu beitragen, eine bessere Welt zu schaffen<br><\/strong>in der Produkte mit dem geringstm\u00f6glichen Ressourcenaufwand und mit der maximal erreichbaren Qualit\u00e4t hergestellt werden.<br>Wir wollen, dass Imar in allen Bereichen ein perfektes Modell f\u00fcr die Unterhaltsf\u00e4higkeit wird.<\/p>\n\n\n\n<p>Wir wollen die menschliche Zeit von allen unkreativen T\u00e4tigkeiten befreien.<\/p>\n\n\n\n<hr class=\"wp-block-separator has-alpha-channel-opacity\"\/>\n\n\n\n<h2 class=\"wp-block-heading\">MISSION<\/h2>\n\n\n\n<p><strong>Wir schaffen den maximalen Wert f\u00fcr den Kunden und \u00fcbernehmen die Verantwortung f\u00fcr Qualit\u00e4t und P\u00fcnktlichkeit.<\/strong><br>W\u00e4hrend unserer Arbeit analysieren wir die Abf\u00e4lle, um den Prozess kontinuierlich zu verbessern. Wir automatisieren und digitalisieren kostspielig die sich wiederholenden Aufgaben.<\/p>\n\n\n\n<hr class=\"wp-block-separator has-alpha-channel-opacity\"\/>\n\n\n\n<h2 class=\"wp-block-heading\">WERTE<\/h2>\n\n\n\n<p><strong>Verantwortung, Wachstum und Kompetenz, Respekt und Loyalit\u00e4t.<\/strong><br>Dies sind die Werte, die das Gesch\u00e4ftsgebaren von Imar bestimmen. Wir fordern und f\u00f6rdern die Einhaltung der Wertecharta mit dem Ziel, unsere vertrauensvollen Beziehungen zu allen unseren Stakeholdern zu festigen: Mitarbeitern, Kunden, Lieferanten, Partnern und lokalen Gemeinschaften. Dieses Dokument zeigt den Willen, die Grunds\u00e4tze des wirtschaftlichen Managements mit denen des Respekts f\u00fcr die Menschen und die Umwelt, in der wir t\u00e4tig sind, zu verbinden, um eine nachhaltige Entwicklung des Unternehmens im Rahmen eines Prozesses des st\u00e4ndigen Wachstums und der Verantwortung zu erreichen.<\/p>\n\n\n<p><!--more--><\/p>","protected":false},"excerpt":{"rendered":"<p>VISIONEN UND WERTE Wir wollen dazu beitragen, eine bessere Welt zu schaffenin der Produkte mit dem geringstm\u00f6glichen Ressourcenaufwand und mit der maximal erreichbaren Qualit\u00e4t hergestellt werden.Wir wollen, dass Imar in allen Bereichen ein perfektes Modell f\u00fcr die Unterhaltsf\u00e4higkeit wird. Wir wollen die menschliche Zeit von allen unkreativen T\u00e4tigkeiten befreien. MISSION Wir schaffen den maximalen Wert [&hellip;]<\/p>\n","protected":false},"author":1,"featured_media":21915,"parent":0,"menu_order":0,"comment_status":"closed","ping_status":"closed","template":"","meta":{"_acf_changed":false,"footnotes":""},"class_list":["post-21667","page","type-page","status-publish","has-post-thumbnail","hentry"],"acf":[],"_links":{"self":[{"href":"https:\/\/imarsrl.com\/de\/wp-json\/wp\/v2\/pages\/21667","targetHints":{"allow":["GET"]}}],"collection":[{"href":"https:\/\/imarsrl.com\/de\/wp-json\/wp\/v2\/pages"}],"about":[{"href":"https:\/\/imarsrl.com\/de\/wp-json\/wp\/v2\/types\/page"}],"author":[{"embeddable":true,"href":"https:\/\/imarsrl.com\/de\/wp-json\/wp\/v2\/users\/1"}],"replies":[{"embeddable":true,"href":"https:\/\/imarsrl.com\/de\/wp-json\/wp\/v2\/comments?post=21667"}],"version-history":[{"count":9,"href":"https:\/\/imarsrl.com\/de\/wp-json\/wp\/v2\/pages\/21667\/revisions"}],"predecessor-version":[{"id":25705,"href":"https:\/\/imarsrl.com\/de\/wp-json\/wp\/v2\/pages\/21667\/revisions\/25705"}],"wp:featuredmedia":[{"embeddable":true,"href":"https:\/\/imarsrl.com\/de\/wp-json\/wp\/v2\/media\/21915"}],"wp:attachment":[{"href":"https:\/\/imarsrl.com\/de\/wp-json\/wp\/v2\/media?parent=21667"}],"curies":[{"name":"wp","href":"https:\/\/api.w.org\/{rel}","templated":true}]}}