{"id":21664,"date":"2017-07-10T11:09:42","date_gmt":"2017-07-10T09:09:42","guid":{"rendered":"https:\/\/imarsrl.com\/firma\/"},"modified":"2024-02-27T10:37:24","modified_gmt":"2024-02-27T09:37:24","slug":"firma","status":"publish","type":"page","link":"https:\/\/imarsrl.com\/de\/firma\/","title":{"rendered":"Firma"},"content":{"rendered":"<p><img loading=\"lazy\" decoding=\"async\" class=\"aligncenter size-full wp-image-248\" src=\"https:\/\/imarsrl.com\/wp-content\/uploads\/2017\/07\/logo-60.png\" alt=\"\" width=\"92\" height=\"50\" \/><br \/>\nDank st\u00e4ndiger Investitionen in neue Technologien und der Besch\u00e4ftigung von hochqualifiziertem technischem Personal hat IMAR seine Position im Laufe der Jahre gefestigt.<br \/>\nDas k\u00fcrzlich errichtete Werk mit einer Betriebsfl\u00e4che von 20.000 Quadratmetern (7.800 davon sind \u00fcberdacht und werden f\u00fcr die Produktion genutzt) verf\u00fcgt \u00fcber modernste Produktionsmanagementeinrichtungen und technologisch fortschrittliche Maschinen: traditionelle und faseroptische Laserschneidlinien mit automatischen Blechlagern.<\/p>\n","protected":false},"excerpt":{"rendered":"<p>Dank st\u00e4ndiger Investitionen in neue Technologien und der Besch\u00e4ftigung von hochqualifiziertem technischem Personal hat IMAR seine Position im Laufe der Jahre gefestigt. Das k\u00fcrzlich errichtete Werk mit einer Betriebsfl\u00e4che von 20.000 Quadratmetern (7.800 davon sind \u00fcberdacht und werden f\u00fcr die Produktion genutzt) verf\u00fcgt \u00fcber modernste Produktionsmanagementeinrichtungen und technologisch fortschrittliche Maschinen: traditionelle und faseroptische Laserschneidlinien mit [&hellip;]<\/p>\n","protected":false},"author":1,"featured_media":53153,"parent":0,"menu_order":0,"comment_status":"closed","ping_status":"closed","template":"page-azienda.php","meta":{"_acf_changed":false,"footnotes":""},"class_list":["post-21664","page","type-page","status-publish","has-post-thumbnail","hentry"],"acf":[],"_links":{"self":[{"href":"https:\/\/imarsrl.com\/de\/wp-json\/wp\/v2\/pages\/21664","targetHints":{"allow":["GET"]}}],"collection":[{"href":"https:\/\/imarsrl.com\/de\/wp-json\/wp\/v2\/pages"}],"about":[{"href":"https:\/\/imarsrl.com\/de\/wp-json\/wp\/v2\/types\/page"}],"author":[{"embeddable":true,"href":"https:\/\/imarsrl.com\/de\/wp-json\/wp\/v2\/users\/1"}],"replies":[{"embeddable":true,"href":"https:\/\/imarsrl.com\/de\/wp-json\/wp\/v2\/comments?post=21664"}],"version-history":[{"count":3,"href":"https:\/\/imarsrl.com\/de\/wp-json\/wp\/v2\/pages\/21664\/revisions"}],"predecessor-version":[{"id":22376,"href":"https:\/\/imarsrl.com\/de\/wp-json\/wp\/v2\/pages\/21664\/revisions\/22376"}],"wp:featuredmedia":[{"embeddable":true,"href":"https:\/\/imarsrl.com\/de\/wp-json\/wp\/v2\/media\/53153"}],"wp:attachment":[{"href":"https:\/\/imarsrl.com\/de\/wp-json\/wp\/v2\/media?parent=21664"}],"curies":[{"name":"wp","href":"https:\/\/api.w.org\/{rel}","templated":true}]}}